{"id":210,"date":"2021-02-11T11:12:49","date_gmt":"2021-02-11T14:12:49","guid":{"rendered":"https:\/\/danielpunturo.com.ar\/?page_id=210"},"modified":"2021-02-16T14:11:36","modified_gmt":"2021-02-16T17:11:36","slug":"quienes-somos","status":"publish","type":"page","link":"https:\/\/danielpunturo.com.ar\/","title":{"rendered":"Quienes somos"},"content":{"rendered":"<p>[et_pb_section fb_built=\u00bb1&#8243; _builder_version=\u00bb4.8.2&#8243; _module_preset=\u00bbdefault\u00bb background_image=\u00bbhttps:\/\/danielpunturo.com.ar\/wp-content\/uploads\/2021\/02\/background-quienes-somos.jpg\u00bb width=\u00bb100%\u00bb module_alignment=\u00bbcenter\u00bb][et_pb_row _builder_version=\u00bb4.8.2&#8243; _module_preset=\u00bbdefault\u00bb][et_pb_column type=\u00bb4_4&#8243; _builder_version=\u00bb4.8.2&#8243; _module_preset=\u00bbdefault\u00bb][et_pb_text _builder_version=\u00bb4.8.2&#8243; _module_preset=\u00bbdefault\u00bb header_font=\u00bb|600||on|||||\u00bb header_text_align=\u00bbcenter\u00bb header_text_color=\u00bb#FFFFFF\u00bb header_font_size=\u00bb48px\u00bb animation_style=\u00bbfade\u00bb animation_duration=\u00bb500ms\u00bb]<\/p>\n<h1>Quienes somos<\/h1>\n<p>[\/et_pb_text][\/et_pb_column][\/et_pb_row][\/et_pb_section][et_pb_section fb_built=\u00bb1&#8243; _builder_version=\u00bb4.8.2&#8243; _module_preset=\u00bbdefault\u00bb][et_pb_row column_structure=\u00bb3_5,2_5&#8243; _builder_version=\u00bb4.8.2&#8243; _module_preset=\u00bbdefault\u00bb][et_pb_column type=\u00bb3_5&#8243; _builder_version=\u00bb4.8.2&#8243; _module_preset=\u00bbdefault\u00bb][et_pb_text _builder_version=\u00bb4.8.2&#8243; _module_preset=\u00bbdefault\u00bb text_font_size=\u00bb16px\u00bb animation_style=\u00bbslide\u00bb animation_direction=\u00bbleft\u00bb animation_duration=\u00bb800ms\u00bb]<\/p>\n<p>Un grupo de profesionales con experiencia adquirida en empresas nacionales, internacionales y en Estudios de Auditor\u00eda e Impuestos locales con representaci\u00f3n de estudios internacionales.<\/p>\n<p>A lo largo de los a\u00f1os cada uno fue desarrollando su carrera profesional en forma independiente en la actividad de su \u00e1rea de especializaci\u00f3n.<br \/>Hoy despu\u00e9s de muchos a\u00f1os, conservando la individualidad profesional, conformamos un grupo de asesoramiento y consultor\u00eda.<\/p>\n<p>La actividad de muchos estudios se centra en los aspectos tradicionales, tales como auditor\u00eda e impuestos. En nuestro caso en particular, abordamos un tema especial: <strong>Informaci\u00f3n y Gerenciamiento<\/strong>.<\/p>\n<p>Esta actividad nace cuando detectamos que en general las empresas carecen de sistemas de informaci\u00f3n integrados que le permitan ejercer un adecuado proceso de toma de decisiones.<\/p>\n<p>Asimismo, contando con la informaci\u00f3n adecuada , es necesario interpretarla y poder entonces enfocar, abordar y corregir los procesos internos , c\u00f3mo as\u00ed tambi\u00e9n optimizar el proceso de decisiones para el desarrollo de la empresa.<\/p>\n<p>[\/et_pb_text][\/et_pb_column][et_pb_column type=\u00bb2_5&#8243; _builder_version=\u00bb4.8.2&#8243; _module_preset=\u00bbdefault\u00bb][et_pb_image src=\u00bbhttps:\/\/danielpunturo.com.ar\/wp-content\/uploads\/2021\/02\/logo-grande-daniel-punturo.png\u00bb title_text=\u00bbDaniel Punturo &#038; Asociados\u00bb _builder_version=\u00bb4.9.0&#8243; _module_preset=\u00bbdefault\u00bb custom_margin=\u00bb100px||||false|false\u00bb animation_style=\u00bbfade\u00bb hover_enabled=\u00bb0&#8243; custom_margin_last_edited=\u00bbon|phone\u00bb custom_margin_phone=\u00bb20px||||false|false\u00bb sticky_enabled=\u00bb0&#8243; custom_margin_tablet=\u00bb20px||||false|false\u00bb][\/et_pb_image][\/et_pb_column][\/et_pb_row][et_pb_row _builder_version=\u00bb4.8.2&#8243; _module_preset=\u00bbdefault\u00bb hover_enabled=\u00bb0&#8243; sticky_enabled=\u00bb0&#8243;][et_pb_column type=\u00bb4_4&#8243; _builder_version=\u00bb4.8.2&#8243; _module_preset=\u00bbdefault\u00bb][et_pb_text _builder_version=\u00bb4.9.0&#8243; _module_preset=\u00bbdefault\u00bb header_font=\u00bb|600||on|||||\u00bb header_text_align=\u00bbcenter\u00bb header_text_color=\u00bb#1b262c\u00bb header_font_size=\u00bb48px\u00bb header_3_font=\u00bb|600||on|||||\u00bb header_3_text_color=\u00bb#1b262c\u00bb header_3_font_size=\u00bb26px\u00bb animation_style=\u00bbslide\u00bb animation_direction=\u00bbtop\u00bb animation_duration=\u00bb500ms\u00bb hover_enabled=\u00bb0&#8243; header_3_text_align_last_edited=\u00bbon|phone\u00bb sticky_enabled=\u00bb0&#8243; header_3_text_align_phone=\u00bbcenter\u00bb]<\/p>\n<h3>Daniel Punturo &#8211; Director<\/h3>\n<p>[\/et_pb_text][et_pb_divider divider_weight=\u00bb7px\u00bb _builder_version=\u00bb4.9.0&#8243; _module_preset=\u00bbdefault\u00bb width=\u00bb38%\u00bb custom_margin=\u00bb-23px||||false|false\u00bb hover_enabled=\u00bb0&#8243; width_last_edited=\u00bbon|tablet\u00bb width_phone=\u00bb44%\u00bb module_alignment=\u00bbleft\u00bb sticky_enabled=\u00bb0&#8243; module_alignment_last_edited=\u00bbon|tablet\u00bb module_alignment_tablet=\u00bbleft\u00bb module_alignment_phone=\u00bbcenter\u00bb width_tablet=\u00bb67%\u00bb custom_margin_last_edited=\u00bbon|desktop\u00bb][\/et_pb_divider][\/et_pb_column][\/et_pb_row][et_pb_row _builder_version=\u00bb4.8.2&#8243; _module_preset=\u00bbdefault\u00bb custom_padding=\u00bb50px||||false|false\u00bb][et_pb_column type=\u00bb4_4&#8243; _builder_version=\u00bb4.8.2&#8243; _module_preset=\u00bbdefault\u00bb][et_pb_blurb title=\u00bbEscuela Superior de Comercio \u201cCarlos Pellegrini\u201d (UBA -1973)\u00bb use_icon=\u00bbon\u00bb font_icon=\u00bb%%49%%\u00bb icon_placement=\u00bbleft\u00bb content_max_width=\u00bb1040px\u00bb _builder_version=\u00bb4.8.2&#8243; _module_preset=\u00bbdefault\u00bb header_font_size=\u00bb18px\u00bb header_line_height=\u00bb1.7em\u00bb module_alignment=\u00bbleft\u00bb animation_style=\u00bbslide\u00bb animation_direction=\u00bbbottom\u00bb][\/et_pb_blurb][et_pb_blurb title=\u00bbContador P\u00fablico (UBA-1979)\u00bb use_icon=\u00bbon\u00bb font_icon=\u00bb%%49%%\u00bb icon_placement=\u00bbleft\u00bb content_max_width=\u00bb1040px\u00bb _builder_version=\u00bb4.8.2&#8243; _module_preset=\u00bbdefault\u00bb header_font_size=\u00bb18px\u00bb header_line_height=\u00bb1.7em\u00bb module_alignment=\u00bbleft\u00bb animation_style=\u00bbslide\u00bb animation_direction=\u00bbbottom\u00bb][\/et_pb_blurb][et_pb_blurb title=\u00bbEx Auxiliar Docente en la Facultad de Ciencias Econ\u00f3micas (UBA) en las siguientes materias:\u00bb use_icon=\u00bbon\u00bb font_icon=\u00bb%%49%%\u00bb icon_placement=\u00bbleft\u00bb content_max_width=\u00bb1040px\u00bb _builder_version=\u00bb4.8.2&#8243; _module_preset=\u00bbdefault\u00bb header_font_size=\u00bb18px\u00bb header_line_height=\u00bb1.7em\u00bb body_font=\u00bbMontserrat||||||||\u00bb body_font_size=\u00bb18px\u00bb module_alignment=\u00bbleft\u00bb animation_style=\u00bbslide\u00bb animation_direction=\u00bbbottom\u00bb]<\/p>\n<ul>\n<li>Contabilidad de Costos<\/li>\n<li>Administraci\u00f3n Financiera.<\/li>\n<\/ul>\n<p>[\/et_pb_blurb][et_pb_blurb title=\u00bbEx miembro de la Comisi\u00f3n de \u201c Evaluaci\u00f3n de Proyectos de Inversi\u00f3n\u201d del CPCECABA\u00bb use_icon=\u00bbon\u00bb font_icon=\u00bb%%49%%\u00bb icon_placement=\u00bbleft\u00bb content_max_width=\u00bb1040px\u00bb _builder_version=\u00bb4.8.2&#8243; _module_preset=\u00bbdefault\u00bb header_font_size=\u00bb18px\u00bb header_line_height=\u00bb1.7em\u00bb module_alignment=\u00bbleft\u00bb animation_style=\u00bbslide\u00bb animation_direction=\u00bbbottom\u00bb][\/et_pb_blurb][et_pb_blurb title=\u00bbExpositor por la Comisi\u00f3n de Evaluaci\u00f3n de Proyectos de Inversi\u00f3n del CPCECABA en el Congreso Nacional de Ciencias Econ\u00f3micas en la ciudad de Rosario (1988)\u00bb use_icon=\u00bbon\u00bb font_icon=\u00bb%%49%%\u00bb icon_placement=\u00bbleft\u00bb content_max_width=\u00bb1040px\u00bb _builder_version=\u00bb4.8.2&#8243; _module_preset=\u00bbdefault\u00bb header_font_size=\u00bb18px\u00bb header_line_height=\u00bb1.7em\u00bb module_alignment=\u00bbleft\u00bb animation_style=\u00bbslide\u00bb animation_direction=\u00bbbottom\u00bb][\/et_pb_blurb][et_pb_blurb title=\u00bbAutor de notas en Ambito Financiero (Columna \u201cEconom\u00eda para Todos\u201d ) (1991-1994)\u00bb use_icon=\u00bbon\u00bb font_icon=\u00bb%%49%%\u00bb icon_placement=\u00bbleft\u00bb content_max_width=\u00bb1040px\u00bb _builder_version=\u00bb4.8.2&#8243; _module_preset=\u00bbdefault\u00bb header_font_size=\u00bb18px\u00bb header_line_height=\u00bb1.7em\u00bb module_alignment=\u00bbleft\u00bb animation_style=\u00bbslide\u00bb animation_direction=\u00bbbottom\u00bb][\/et_pb_blurb][et_pb_blurb title=\u00bbAutor de notas en Clarin\u00bb use_icon=\u00bbon\u00bb font_icon=\u00bb%%49%%\u00bb icon_placement=\u00bbleft\u00bb content_max_width=\u00bb1040px\u00bb _builder_version=\u00bb4.8.2&#8243; _module_preset=\u00bbdefault\u00bb header_font_size=\u00bb18px\u00bb header_line_height=\u00bb1.7em\u00bb module_alignment=\u00bbleft\u00bb animation_style=\u00bbslide\u00bb animation_direction=\u00bbbottom\u00bb][\/et_pb_blurb][et_pb_blurb title=\u00bbAsesor y consultor de Pymes\u00bb use_icon=\u00bbon\u00bb font_icon=\u00bb%%49%%\u00bb icon_placement=\u00bbleft\u00bb content_max_width=\u00bb1040px\u00bb _builder_version=\u00bb4.8.2&#8243; _module_preset=\u00bbdefault\u00bb header_font_size=\u00bb18px\u00bb header_line_height=\u00bb1.7em\u00bb module_alignment=\u00bbleft\u00bb animation_style=\u00bbslide\u00bb animation_direction=\u00bbbottom\u00bb][\/et_pb_blurb][\/et_pb_column][\/et_pb_row][\/et_pb_section]<\/p>\n","protected":false},"excerpt":{"rendered":"<p>[et_pb_section fb_built=\u00bb1&#8243; _builder_version=\u00bb4.8.2&#8243; _module_preset=\u00bbdefault\u00bb background_image=\u00bbhttps:\/\/danielpunturo.com.ar\/wp-content\/uploads\/2021\/02\/background-quienes-somos.jpg\u00bb width=\u00bb100%\u00bb module_alignment=\u00bbcenter\u00bb][et_pb_row _builder_version=\u00bb4.8.2&#8243; _module_preset=\u00bbdefault\u00bb][et_pb_column type=\u00bb4_4&#8243; _builder_version=\u00bb4.8.2&#8243; _module_preset=\u00bbdefault\u00bb][et_pb_text _builder_version=\u00bb4.8.2&#8243; _module_preset=\u00bbdefault\u00bb header_font=\u00bb|600||on|||||\u00bb header_text_align=\u00bbcenter\u00bb header_text_color=\u00bb#FFFFFF\u00bb header_font_size=\u00bb48px\u00bb animation_style=\u00bbfade\u00bb animation_duration=\u00bb500ms\u00bb] Quienes somos [\/et_pb_text][\/et_pb_column][\/et_pb_row][\/et_pb_section][et_pb_section fb_built=\u00bb1&#8243; _builder_version=\u00bb4.8.2&#8243; _module_preset=\u00bbdefault\u00bb][et_pb_row column_structure=\u00bb3_5,2_5&#8243; _builder_version=\u00bb4.8.2&#8243; _module_preset=\u00bbdefault\u00bb][et_pb_column type=\u00bb3_5&#8243; _builder_version=\u00bb4.8.2&#8243; _module_preset=\u00bbdefault\u00bb][et_pb_text _builder_version=\u00bb4.8.2&#8243; _module_preset=\u00bbdefault\u00bb text_font_size=\u00bb16px\u00bb animation_style=\u00bbslide\u00bb animation_direction=\u00bbleft\u00bb animation_duration=\u00bb800ms\u00bb] Un grupo de profesionales con experiencia adquirida en empresas nacionales, internacionales y en Estudios de Auditor\u00eda e [&hellip;]<\/p>\n","protected":false},"author":1,"featured_media":0,"parent":0,"menu_order":0,"comment_status":"closed","ping_status":"closed","template":"","meta":{"_et_pb_use_builder":"on","_et_pb_old_content":"","_et_gb_content_width":"","footnotes":""},"class_list":["post-210","page","type-page","status-publish","hentry"],"_links":{"self":[{"href":"https:\/\/danielpunturo.com.ar\/index.php\/wp-json\/wp\/v2\/pages\/210","targetHints":{"allow":["GET"]}}],"collection":[{"href":"https:\/\/danielpunturo.com.ar\/index.php\/wp-json\/wp\/v2\/pages"}],"about":[{"href":"https:\/\/danielpunturo.com.ar\/index.php\/wp-json\/wp\/v2\/types\/page"}],"author":[{"embeddable":true,"href":"https:\/\/danielpunturo.com.ar\/index.php\/wp-json\/wp\/v2\/users\/1"}],"replies":[{"embeddable":true,"href":"https:\/\/danielpunturo.com.ar\/index.php\/wp-json\/wp\/v2\/comments?post=210"}],"version-history":[{"count":6,"href":"https:\/\/danielpunturo.com.ar\/index.php\/wp-json\/wp\/v2\/pages\/210\/revisions"}],"predecessor-version":[{"id":425,"href":"https:\/\/danielpunturo.com.ar\/index.php\/wp-json\/wp\/v2\/pages\/210\/revisions\/425"}],"wp:attachment":[{"href":"https:\/\/danielpunturo.com.ar\/index.php\/wp-json\/wp\/v2\/media?parent=210"}],"curies":[{"name":"wp","href":"https:\/\/api.w.org\/{rel}","templated":true}]}}