{"id":219,"date":"2021-02-11T11:16:46","date_gmt":"2021-02-11T14:16:46","guid":{"rendered":"https:\/\/danielpunturo.com.ar\/?page_id=219"},"modified":"2021-02-17T15:52:20","modified_gmt":"2021-02-17T18:52:20","slug":"informacion-y-gerenciamiento","status":"publish","type":"page","link":"https:\/\/danielpunturo.com.ar\/index.php\/informacion-y-gerenciamiento\/","title":{"rendered":"Informaci\u00f3n y gerenciamiento"},"content":{"rendered":"<p>[et_pb_section fb_built=\u00bb1&#8243; _builder_version=\u00bb4.8.2&#8243; _module_preset=\u00bbdefault\u00bb background_image=\u00bbhttps:\/\/danielpunturo.com.ar\/wp-content\/uploads\/2021\/02\/background-quienes-somos.jpg\u00bb width=\u00bb100%\u00bb module_alignment=\u00bbcenter\u00bb][et_pb_row _builder_version=\u00bb4.8.2&#8243; _module_preset=\u00bbdefault\u00bb][et_pb_column type=\u00bb4_4&#8243; _builder_version=\u00bb4.8.2&#8243; _module_preset=\u00bbdefault\u00bb][et_pb_text _builder_version=\u00bb4.8.2&#8243; _module_preset=\u00bbdefault\u00bb header_font=\u00bb|600||on|||||\u00bb header_text_align=\u00bbcenter\u00bb header_text_color=\u00bb#FFFFFF\u00bb header_font_size=\u00bb48px\u00bb animation_style=\u00bbfade\u00bb animation_duration=\u00bb500ms\u00bb header_font_size_tablet=\u00bb32px\u00bb header_font_size_phone=\u00bb32px\u00bb header_font_size_last_edited=\u00bbon|phone\u00bb]<\/p>\n<h1>Informaci\u00f3n y gerenciamiento<\/h1>\n<p>[\/et_pb_text][\/et_pb_column][\/et_pb_row][\/et_pb_section][et_pb_section fb_built=\u00bb1&#8243; _builder_version=\u00bb4.8.2&#8243; _module_preset=\u00bbdefault\u00bb custom_padding=\u00bb50px|||||\u00bb][et_pb_row _builder_version=\u00bb4.9.0&#8243; _module_preset=\u00bbdefault\u00bb width_tablet=\u00bb\u00bb width_phone=\u00bb85%\u00bb width_last_edited=\u00bbon|phone\u00bb custom_margin=\u00bb||-50px||false|false\u00bb][et_pb_column type=\u00bb4_4&#8243; _builder_version=\u00bb4.8.2&#8243; _module_preset=\u00bbdefault\u00bb][et_pb_text _builder_version=\u00bb4.9.0&#8243; _module_preset=\u00bbdefault\u00bb header_font=\u00bb|600||on|||||\u00bb header_text_align=\u00bbcenter\u00bb header_text_color=\u00bb#1b262c\u00bb header_font_size=\u00bb48px\u00bb header_3_font=\u00bb|600||on|||||\u00bb header_3_text_color=\u00bb#1b262c\u00bb header_3_font_size=\u00bb26px\u00bb animation_style=\u00bbslide\u00bb animation_direction=\u00bbtop\u00bb animation_duration=\u00bb500ms\u00bb header_3_font_size_tablet=\u00bb\u00bb header_3_font_size_phone=\u00bb20px\u00bb header_3_font_size_last_edited=\u00bbon|phone\u00bb]<\/p>\n<h3>Informaci\u00f3n y gerenciamiento<\/h3>\n<p>[\/et_pb_text][et_pb_divider divider_weight=\u00bb7px\u00bb _builder_version=\u00bb4.9.0&#8243; _module_preset=\u00bbdefault\u00bb width=\u00bb45%\u00bb width_tablet=\u00bb78%\u00bb width_phone=\u00bb57%\u00bb width_last_edited=\u00bbon|desktop\u00bb module_alignment=\u00bbleft\u00bb custom_margin=\u00bb-30px||||false|false\u00bb animation_style=\u00bbslide\u00bb animation_direction=\u00bbbottom\u00bb hover_enabled=\u00bb0&#8243; sticky_enabled=\u00bb0&#8243;][\/et_pb_divider][\/et_pb_column][\/et_pb_row][et_pb_row _builder_version=\u00bb4.8.2&#8243; _module_preset=\u00bbdefault\u00bb][et_pb_column type=\u00bb4_4&#8243; _builder_version=\u00bb4.8.2&#8243; _module_preset=\u00bbdefault\u00bb][et_pb_text _builder_version=\u00bb4.9.0&#8243; _module_preset=\u00bbdefault\u00bb]<\/p>\n<p>La Empresa es una entidad din\u00e1mica que necesita ser administrada d\u00eda a d\u00eda y que debe adaptarse a cambios<br \/>en su estructura y a la evoluci\u00f3n de los mercados.<\/p>\n<p>Nos referimos a la necesidad de un <strong>Gerenciamiento (Management)<\/strong> que debe ejercerse de manera profesional.<\/p>\n<p>En l\u00edneas generales las Pymes nacieron d\u00e9cadas atr\u00e1s y si bien sus actuales propietarios heredaron y conocen<br \/>usualmente bien el mercado, el proceso productivo \u00f3 de servicios, los proveedores, los clientes y todo lo inherente al desarrollo propio de la empresa, no ejercen un Gerenciamiento eficiente.<\/p>\n<p>[\/et_pb_text][et_pb_text _builder_version=\u00bb4.8.2&#8243; _module_preset=\u00bbdefault\u00bb header_4_font_size_tablet=\u00bb\u00bb header_4_font_size_phone=\u00bb15px\u00bb header_4_font_size_last_edited=\u00bbon|tablet\u00bb]<\/p>\n<h4>\u00bfQue definimos como Gerenciamiento?<\/h4>\n<p>[\/et_pb_text][et_pb_text _builder_version=\u00bb4.9.0&#8243; _module_preset=\u00bbdefault\u00bb]<\/p>\n<p>Al proceso de toma de decisiones con un adecuado conocimiento del contexto y de la realidad.<\/p>\n<p>Para el proceso de toma de decisiones se necesita informaci\u00f3n para poder ser analizada y en funci\u00f3n de ello<br \/>determinar cursos de acci\u00f3n.<\/p>\n<p>[\/et_pb_text][\/et_pb_column][\/et_pb_row][et_pb_row _builder_version=\u00bb4.8.2&#8243; _module_preset=\u00bbdefault\u00bb custom_margin=\u00bb||-50px||false|false\u00bb][et_pb_column type=\u00bb4_4&#8243; _builder_version=\u00bb4.8.2&#8243; _module_preset=\u00bbdefault\u00bb][et_pb_text _builder_version=\u00bb4.8.2&#8243; _module_preset=\u00bbdefault\u00bb header_font=\u00bb|600||on|||||\u00bb header_text_align=\u00bbcenter\u00bb header_text_color=\u00bb#1b262c\u00bb header_font_size=\u00bb48px\u00bb header_3_font=\u00bb|600||on|||||\u00bb header_3_text_color=\u00bb#1b262c\u00bb header_3_font_size=\u00bb26px\u00bb animation_style=\u00bbslide\u00bb animation_direction=\u00bbtop\u00bb animation_duration=\u00bb500ms\u00bb]<\/p>\n<h3>Informaci\u00f3n<\/h3>\n<p>[\/et_pb_text][et_pb_divider divider_weight=\u00bb7px\u00bb _builder_version=\u00bb4.9.0&#8243; _module_preset=\u00bbdefault\u00bb width=\u00bb19%\u00bb width_tablet=\u00bb32%\u00bb width_phone=\u00bb62%\u00bb width_last_edited=\u00bbon|phone\u00bb module_alignment=\u00bbleft\u00bb custom_margin=\u00bb-30px||||false|false\u00bb animation_style=\u00bbslide\u00bb animation_direction=\u00bbbottom\u00bb][\/et_pb_divider][\/et_pb_column][\/et_pb_row][et_pb_row _builder_version=\u00bb4.8.2&#8243; _module_preset=\u00bbdefault\u00bb][et_pb_column type=\u00bb4_4&#8243; _builder_version=\u00bb4.8.2&#8243; _module_preset=\u00bbdefault\u00bb][et_pb_text _builder_version=\u00bb4.8.2&#8243; _module_preset=\u00bbdefault\u00bb custom_margin=\u00bb17px|||||\u00bb header_4_font_size_tablet=\u00bb\u00bb header_4_font_size_phone=\u00bb15px\u00bb header_4_font_size_last_edited=\u00bbon|phone\u00bb]<\/p>\n<h4>\u00bfEst\u00e1 la informaci\u00f3n disponible para que los propietarios puedan utilizarla?<\/h4>\n<p>[\/et_pb_text][et_pb_text _builder_version=\u00bb4.9.0&#8243; _module_preset=\u00bbdefault\u00bb]<\/p>\n<p>Usualmente no. La informaci\u00f3n para las Pymes es una carga formal que s\u00f3lo satisface necesidades contables e<br \/> impositivas (Balance y liquidaci\u00f3n de Impuestos)<\/p>\n<p>Ahora bien, <strong>cu\u00e1l es la informaci\u00f3n?<\/strong><\/p>\n<p>La informaci\u00f3n nace en cada rinc\u00f3n de la empresa con las acciones diarias y repetitivas que ejecutan los empleados, los operarios, los jefes y los Gerentes.<\/p>\n<p>Cada operaci\u00f3n (compra, venta, pago, cobro, proceso de producci\u00f3n, etc) genera una unidad de informaci\u00f3n que es captada y procesada generalmente por un sistema.<\/p>\n<p>La primera pregunta es si el sistema que est\u00e1 funcionando es el adecuado, es decir si procesa correctamente las transacciones y si brinda la informaci\u00f3n necesaria para los sectores que la necesitan.<\/p>\n<p>La segunda pregunta es a que sistema de informaci\u00f3n central aporta este subsistema?<\/p>\n<p>Concretamente cuando nos referimos a sistemas locales \u00f3 subsistemas hablamos de Compras y Proveedores, de Facturaci\u00f3n y Cuenta Corriente de Clientes, de Stock, de Tesorer\u00eda , de Producci\u00f3n, que son operados desde los correspondientes sectores, departamentos, unidades, etc.<\/p>\n<p><strong>El sistema de informaci\u00f3n por excelencia es la Contabilidad.<\/strong><\/p>\n<p>La Contabilidad plasmada en un Balance General es la informaci\u00f3n que utilizan terceros para decidir respecto del otorgamiento de cr\u00e9ditos \u00f3 de aportes a la empresa. Un Banco, un Proveedor \u00f3 un Inversor utilizan el Balance General para la decisi\u00f3n.<\/p>\n<p>Ahora bien, si ellos utilizan la informaci\u00f3n para decidir, porque la Empresa no la utiliza?<\/p>\n<p><strong>La Empresa no la utiliza porque no la tiene en tiempo real<\/strong>. La informaci\u00f3n sirve si es actualizada, si es de hoy, y de hecho tener el Balance General lleva un tiempo y esfuerzo considerable, y generalmente se obtiene fuera de fecha.<\/p>\n<p>Esta <strong>realidad es casi com\u00fan a todas las Pymes<\/strong>.<\/p>\n<p>El primer escollo es entender que el problema es la carencia de informaci\u00f3n en tiempo y forma y que esta situaci\u00f3n trae aparejado un <strong>costo monetario (p\u00e9rdida)<\/strong> por no haber podido tomar decisiones en forma oportuna, \u00f3 que habi\u00e9ndolo hecho tal vez fue sobre informaci\u00f3n no confiable.<\/p>\n<p>[\/et_pb_text][et_pb_text _builder_version=\u00bb4.8.2&#8243; _module_preset=\u00bbdefault\u00bb]<\/p>\n<h4>\u00bfCu\u00e1l es la soluci\u00f3n?<\/h4>\n<p>[\/et_pb_text][et_pb_text _builder_version=\u00bb4.9.0&#8243; _module_preset=\u00bbdefault\u00bb]<\/p>\n<p>La soluci\u00f3n es<strong> tener informaci\u00f3n en tiempo y forma<\/strong>.<\/p>\n<p>La informaci\u00f3n en primera instancia <strong>debe ser confiable y de calidad<\/strong>.<\/p>\n<p>La informaci\u00f3n es necesaria no s\u00f3lo a nivel Gerencia \/ Direcci\u00f3n sino tambi\u00e9n para los sectores que la generan y tambi\u00e9n son usuarios de la misma.<\/p>\n<p>[\/et_pb_text][\/et_pb_column][\/et_pb_row][et_pb_row _builder_version=\u00bb4.9.0&#8243; _module_preset=\u00bbdefault\u00bb][et_pb_column type=\u00bb4_4&#8243; _builder_version=\u00bb4.9.0&#8243; _module_preset=\u00bbdefault\u00bb][et_pb_text _builder_version=\u00bb4.9.0&#8243; _module_preset=\u00bbdefault\u00bb header_font=\u00bb|600||on|||||\u00bb header_text_align=\u00bbcenter\u00bb header_text_color=\u00bb#1b262c\u00bb header_font_size=\u00bb48px\u00bb header_3_font=\u00bb|600||on|||||\u00bb header_3_text_color=\u00bb#1b262c\u00bb header_3_font_size=\u00bb26px\u00bb animation_style=\u00bbslide\u00bb animation_direction=\u00bbtop\u00bb animation_duration=\u00bb500ms\u00bb]<\/p>\n<h3>Nosotros<\/h3>\n<p>[\/et_pb_text][et_pb_divider divider_weight=\u00bb7px\u00bb _builder_version=\u00bb4.9.0&#8243; _module_preset=\u00bbdefault\u00bb width=\u00bb14%\u00bb width_tablet=\u00bb25%\u00bb width_phone=\u00bb48%\u00bb width_last_edited=\u00bbon|desktop\u00bb module_alignment=\u00bbleft\u00bb custom_margin=\u00bb-30px||||false|false\u00bb animation_style=\u00bbslide\u00bb animation_direction=\u00bbbottom\u00bb][\/et_pb_divider][et_pb_text _builder_version=\u00bb4.9.0&#8243; _module_preset=\u00bbdefault\u00bb]<\/p>\n<p>Nuestra tarea puede resumirse en:<\/p>\n<p>&nbsp;<\/p>\n<ul>\n<li><strong>Relevamiento de la empresa<\/strong>. Incluye el sistema de control interno (SCI) , la organizaci\u00f3n funcional, la informaci\u00f3n que capta y que genera cada sector, la calidad y eficiencia de los sistemas utilizados, la interrelaci\u00f3n entre esa informaci\u00f3n y el Sistema Contable.<\/li>\n<li><strong>An\u00e1lisis y Diagn\u00f3stico<\/strong>. Esta etapa es la que nos permite a partir del an\u00e1lisis de la informaci\u00f3n que surge del relevamiento poder elaborar un diagn\u00f3stico.<\/li>\n<li><strong>Propuesta y soluciones<\/strong>: detectados los puntos d\u00e9biles y las falencias elaboramos una propuesta que consiste en cambios que generalmente incluyen aspectos funcionales y de organizaci\u00f3n de la empresa, as\u00ed como tambi\u00e9n cambios en los sistemas de informaci\u00f3n.<\/li>\n<li><strong>Administraci\u00f3n de la Informaci\u00f3n<\/strong>: una vez obtenido el objetivo final que es la informaci\u00f3n de calidad en tiempo y forma para el proceso de toma de decisiones, es necesario utilizarla. Tambi\u00e9n participamos desde luego en transmitir el conocimiento respecto de su utilizaci\u00f3n y aplicaci\u00f3n en el proceso decisorio.<\/li>\n<\/ul>\n<p>[\/et_pb_text][\/et_pb_column][\/et_pb_row][\/et_pb_section]<\/p>\n","protected":false},"excerpt":{"rendered":"<p>[et_pb_section fb_built=\u00bb1&#8243; _builder_version=\u00bb4.8.2&#8243; _module_preset=\u00bbdefault\u00bb background_image=\u00bbhttps:\/\/danielpunturo.com.ar\/wp-content\/uploads\/2021\/02\/background-quienes-somos.jpg\u00bb width=\u00bb100%\u00bb module_alignment=\u00bbcenter\u00bb][et_pb_row _builder_version=\u00bb4.8.2&#8243; _module_preset=\u00bbdefault\u00bb][et_pb_column type=\u00bb4_4&#8243; _builder_version=\u00bb4.8.2&#8243; _module_preset=\u00bbdefault\u00bb][et_pb_text _builder_version=\u00bb4.8.2&#8243; _module_preset=\u00bbdefault\u00bb header_font=\u00bb|600||on|||||\u00bb header_text_align=\u00bbcenter\u00bb header_text_color=\u00bb#FFFFFF\u00bb header_font_size=\u00bb48px\u00bb animation_style=\u00bbfade\u00bb animation_duration=\u00bb500ms\u00bb header_font_size_tablet=\u00bb32px\u00bb header_font_size_phone=\u00bb32px\u00bb header_font_size_last_edited=\u00bbon|phone\u00bb] Informaci\u00f3n y gerenciamiento [\/et_pb_text][\/et_pb_column][\/et_pb_row][\/et_pb_section][et_pb_section fb_built=\u00bb1&#8243; _builder_version=\u00bb4.8.2&#8243; _module_preset=\u00bbdefault\u00bb custom_padding=\u00bb50px|||||\u00bb][et_pb_row _builder_version=\u00bb4.9.0&#8243; _module_preset=\u00bbdefault\u00bb width_tablet=\u00bb\u00bb width_phone=\u00bb85%\u00bb width_last_edited=\u00bbon|phone\u00bb custom_margin=\u00bb||-50px||false|false\u00bb][et_pb_column type=\u00bb4_4&#8243; _builder_version=\u00bb4.8.2&#8243; _module_preset=\u00bbdefault\u00bb][et_pb_text _builder_version=\u00bb4.9.0&#8243; _module_preset=\u00bbdefault\u00bb header_font=\u00bb|600||on|||||\u00bb header_text_align=\u00bbcenter\u00bb header_text_color=\u00bb#1b262c\u00bb header_font_size=\u00bb48px\u00bb header_3_font=\u00bb|600||on|||||\u00bb header_3_text_color=\u00bb#1b262c\u00bb header_3_font_size=\u00bb26px\u00bb animation_style=\u00bbslide\u00bb animation_direction=\u00bbtop\u00bb animation_duration=\u00bb500ms\u00bb header_3_font_size_tablet=\u00bb\u00bb header_3_font_size_phone=\u00bb20px\u00bb header_3_font_size_last_edited=\u00bbon|phone\u00bb] [&hellip;]<\/p>\n","protected":false},"author":1,"featured_media":0,"parent":0,"menu_order":0,"comment_status":"closed","ping_status":"closed","template":"","meta":{"_et_pb_use_builder":"on","_et_pb_old_content":"","_et_gb_content_width":"","footnotes":""},"class_list":["post-219","page","type-page","status-publish","hentry"],"_links":{"self":[{"href":"https:\/\/danielpunturo.com.ar\/index.php\/wp-json\/wp\/v2\/pages\/219","targetHints":{"allow":["GET"]}}],"collection":[{"href":"https:\/\/danielpunturo.com.ar\/index.php\/wp-json\/wp\/v2\/pages"}],"about":[{"href":"https:\/\/danielpunturo.com.ar\/index.php\/wp-json\/wp\/v2\/types\/page"}],"author":[{"embeddable":true,"href":"https:\/\/danielpunturo.com.ar\/index.php\/wp-json\/wp\/v2\/users\/1"}],"replies":[{"embeddable":true,"href":"https:\/\/danielpunturo.com.ar\/index.php\/wp-json\/wp\/v2\/comments?post=219"}],"version-history":[{"count":9,"href":"https:\/\/danielpunturo.com.ar\/index.php\/wp-json\/wp\/v2\/pages\/219\/revisions"}],"predecessor-version":[{"id":457,"href":"https:\/\/danielpunturo.com.ar\/index.php\/wp-json\/wp\/v2\/pages\/219\/revisions\/457"}],"wp:attachment":[{"href":"https:\/\/danielpunturo.com.ar\/index.php\/wp-json\/wp\/v2\/media?parent=219"}],"curies":[{"name":"wp","href":"https:\/\/api.w.org\/{rel}","templated":true}]}}